{"id":24,"date":"2018-11-10T10:50:16","date_gmt":"2018-11-10T10:50:16","guid":{"rendered":"https:\/\/zafferanosolregina.com\/?page_id=24"},"modified":"2021-11-11T00:04:44","modified_gmt":"2021-11-11T00:04:44","slug":"mesmerize","status":"publish","type":"page","link":"https:\/\/zafferanosolregina.com\/","title":{"rendered":"Zafferano italiano della migliore qualit\u00e0"},"content":{"rendered":"<div id=\"overlappable-4\" class=\"overlappable-4 content-section content-section-spacing\" style=\"background-color: #ffffff;\" data-label=\"Overlappable\" data-id=\"overlappable-4\" data-export-id=\"overlappable-4\" data-category=\"overlappable\" data-overlap=\"true\">\n<div class=\"gridContainer\">\n<div class=\"row spaced-cols text-center\" data-type=\"row\">\n<div class=\"col-sm-4 col-padding col-xs-4\"><i class=\"fa icon shadow-large-black aligncenter color1 fa-cutlery reverse round large\"><\/i><\/p>\n<div class=\"\" data-type=\"column\"><\/div>\n<\/div>\n<div class=\"col-sm-4 col-padding col-xs-4\"><i class=\"fa icon shadow-large-black aligncenter color1 fa-envira reverse round large\"><\/i><\/p>\n<div class=\"\" data-type=\"column\"><\/div>\n<\/div>\n<div class=\"col-sm-4 col-padding col-xs-4\"><i class=\"fa icon shadow-large-black aligncenter color1 fa-youtube-square reverse round large\"><\/i><\/p>\n<div class=\"\" data-type=\"column\"><\/div>\n<\/div>\n<\/div>\n<\/div>\n<\/div>\n<div id=\"about-1\" class=\"about-1 content-section\" style=\"background-color: #f5fafd;\" data-label=\"About\" data-id=\"about-1\" data-export-id=\"about-1\" data-category=\"about\">\n<div class=\"gridContainer\">\n<div class=\"row text-center\">\n<div class=\"section-title-col\" data-type=\"column\">\n<h5 class=\"\">La sfida vinta<\/h5>\n<h2 class=\"\">Zafferano Soresina Bonazzi agricoltore &#8220;speciale&#8221;<\/h2>\n<p>L&#8217;imprenditore de La Libera ha optato per i pistilli pregiatissimi: coltivazione, lavorazione e vendita, ha iniziato nel 2015 con un ettaro, ora ha raddoppiato la superficie.<\/p>\n<p>SORESINA Un&#8217;oasi dello zafferano nel regno del mais, pochi ne conoscono l&#8217;esistenza, ma tra Soresina e Cappella Cantone si trova una delle principali produzioni europee della specie pi\u00f9 costosa al mondo. Ventimila metri quadrati di terreno di cui, nella vendemmia 2019, si prevede di ottenere otto chilogrammi di prodotto finito. Una quantit\u00e0 enorme se teniamo conto che per ottenere un chilo di zafferano \u00e8 necessario raccogliere manualmente pi\u00f9 di centomila fiori.<\/p>\n<p class=\"lead\"><span style=\"font-size: revert; color: initial;\">\u2019omonima azienda agricola, iscritto alla Libera Associazione Cremonese, e curato a livello commerciale da Andrea Ferrari, \u00e8 nato con un mini raccolto di prova tra il 2015 e il 2016. Nei mesi successivi l\u2019attivit\u00e0 si \u00e8 vista intensificata e la scorsa estate si \u00e8 deciso di compiere il grande salto, raddoppiando la coltivazione portandola appunto a due ettari. Nel frattempo \u00e8 stato registrato anche un marchio Zafferano Soresina, che commercializza pistilli in confezioni dal peso minimo di 0,3 grammi e massimo di 10 grammi. Prodotti che si possono trovare sugli scaffali della gastronomia Maestroni di Soresina e in alcuni locali dell\u2019alta ristorazione cremonese cremasca.<\/span><\/p>\n<p>Nei poderi siti in localit\u00e0 Zerbi, la coltivazione \u00e8 completamente biologica e non prevede l\u2019utilizzo di diserbanti. Tutti gli infestanti presenti nel terreno vengono controllati manualmente e meccanicamente, mentre le operazioni relative all\u2019essiccazione, alla separazione e alla conservazione sono effettuate da personale qualificato in un laboratorio certificato, cos\u00ec come certificata \u00e8 tutta la filiera produttiva. L\u2019essiccazione dei pistilli \u00e8 eseguita in atmosfera e la conservazione avviene in vasi di vetro, a temperatura e luminosit\u00e0 adeguate. Procedimenti che richiedono un considerevole impiego di manodopera centinaia di ore di lavoro, ripartite tra otto-dieci persone.<\/p>\n<p>Lo zafferano \u2013 spiega Ferrari \u2013 \u00e8 la spezia pi\u00f9 contraffatta al mondo, specialmente quella in polvere, che spesso a livello commerciale viene camuffata con curcuma, calendula, minerali o coloranti sintetici. Noi, invece, puntiamo sulla qualit\u00e0 e sulla purezza del prodotto. La nostra produzione \u00e8 gi\u00e0 tra le prime tre in Europa per estensione, e puntiamo a crescere ancora.<\/p>\n<p>TESTO TRATTO DELL\u2019ARTICOLO DELLA \u201cPROVINCIA\u201d SABATO 17 NOVEMBRE 2018<\/p>\n<\/div>\n<\/div>\n<div class=\"row\">\n<div class=\"button-holder space-bottom space-bottom-small\" data-type=\"column\"><\/div>\n<div class=\"col-xs bottom-xs flexbox image-group-bottom-3-img space-bottom-xs center-xs\"><img class=\"left-img shadow-large-black\" title=\"azafr\u00e1n-recortado-2824329_1920-6.jpg\" src=\"https:\/\/zafferanosolregina.com\/wp-content\/uploads\/2019\/10\/cropped-saffron-2824329_1920-6.jpg\" alt=\"\" data-size=\"500x300\" \/> <a class=\"center-img-anchor\" href=\"https:\/\/zafferanosolregina.com\" target=\"_self\" rel=\"noopener noreferrer\" data-cp-link=\"1\"><img class=\"center-img shadow-large-black\" title=\"recortada-ALENTAZONE-RISOTTO-SAFFRON-SORESINA-1.jpg\" src=\"https:\/\/zafferanosolregina.com\/wp-content\/uploads\/2018\/11\/cropped-ALENTAZONE-RISOTTO-ZAFFERANO-SORESINA-1.jpg\" alt=\"\" data-size=\"500x300\" \/><\/a> <img class=\"right-img shadow-large-black\" title=\"azafr\u00e1n-recortado-2835255_1920-2.jpg\" src=\"https:\/\/zafferanosolregina.com\/wp-content\/uploads\/2019\/10\/cropped-saffron-2835255_1920-2.jpg\" alt=\"\" data-size=\"500x300\" \/><\/div>\n<\/div>\n<\/div>\n<\/div>\n<div id=\"about-2\" class=\"about-10 content-section content-section-spacing\" style=\"background-color: #ffffff;\" data-label=\"About\" data-id=\"about--1\" data-export-id=\"about-10\" data-category=\"about\">\n<div class=\"gridContainer\">\n<div class=\"row middle-sm text-center\">\n<div class=\"col-sm-5 space-bottom-xs content-column\" data-type=\"column\">\n<h5 class=\"\">LABORATORIO CHIMICO MERCEOLOGICO<\/h5>\n<h2 class=\"\">Enjoy the best<br \/>\n<span style=\"font-family: Playfair Display,sans-serif; font-weight: bold; font-style: italic;\">Raccolto 2018<\/span><\/h2>\n<p>Zafferano Solregina<\/p>\n<p class=\"\">In base alle analisi eseguite, tutti i parametri analizzati risultano conformi alla 1\u00b0 categoria della norma ISO\/TS 3632-1:2011.<br \/>\nThe results obtained conformed the criteria stated by the 1\u00b0 Category ISO\/TS\u00a03632-1:2011<\/p>\n<p><a class=\"button color1\" href=\"https:\/\/zafferanosolregina.com\/wp-content\/uploads\/2019\/10\/Bonazzi-Bulbishop-RDP-14313R0A2018.pdf\" target=\"_blank\" rel=\"noopener noreferrer\" data-cp-link=\"1\">Scarica il primo PDF<\/a><a class=\"button blue\" href=\"https:\/\/zafferanosolregina.com\/wp-content\/uploads\/2019\/10\/Giudizio-zafferano-Bonazzi-Bulbishop-RDP-14313-18.pdf\" target=\"_blank\" rel=\"noopener noreferrer\" data-cp-link=\"1\">Scarica il secondo PDF<\/a><\/p>\n<\/div>\n<div class=\"col-sm-7 flexbox middle-xs center-xs space-bottom-xs\">\n<div class=\"overlay-box middle-xs center-xs flexbox\">\n<div class=\"overlay-box-offset offset-border shadow-medium border-color1 hide-xs\"><\/div>\n<p><a href=\"#\" target=\"_self\" rel=\"noopener noreferrer\" data-cp-link=\"1\"><img class=\"shadow-large\" title=\"recortada-Bonazzi-Bulbishop-RDP-14313R0A2018_page-0001-1.jpg\" src=\"https:\/\/zafferanosolregina.com\/wp-content\/uploads\/2019\/10\/cropped-Giudizio-zafferano-Bonazzi-Bulbishop-RDP-14313-18_page-0001.jpg\" alt=\"\" data-size=\"485x705\" \/><\/a><\/p>\n<\/div>\n<\/div>\n<\/div>\n<\/div>\n<\/div>\n<div id=\"content-3\" class=\"content-3 content-section content-section-spacing\" style=\"background-color: #ffffff;\" data-label=\"Content\" data-id=\"content--3\" data-export-id=\"content-3\" data-category=\"content\">\n<div>\n<div class=\"row middle-xs\">\n<div class=\"col-sm-7 full-col-left-padding full-col-right-padding\">\n<div class=\"row\">\n<div class=\"space-bottom-small content-title-col\" data-type=\"column\">\n<h5 class=\"\">Interpretazione dei dati<\/h5>\n<h2 class=\"\">Il segreto del successo<\/h2>\n<p class=\"\">Questo documento \u00e8 univocamente correlato al Rapporto di Prova Labcam Srl n\u00b0 14313\/2018<\/p>\n<\/div>\n<\/div>\n<div class=\"row spaced-cols\" data-type=\"row\">\n<div class=\"col-xs-6\" data-type=\"column\">\n<h5 class=\"\">Umidit\u00e0 e contenuto materiali volatili ({c0338fe6acbda9256b2bacfc286c5a31a2ab97a3634bf56043eb3830dc2b96c5} Max)<\/h5>\n<p class=\"\">\u00a012 (stimmi) 10 (polvere) 12 (stimmi)<\/p>\n<\/div>\n<div class=\"col-xs-6\" data-type=\"column\">\n<h5 class=\"\">Potere Colorante (Crocina) \u2013 Valore minimo<\/h5>\n<p class=\"\">200 \u2013 170 \u2013 120<\/p>\n<\/div>\n<div class=\"col-xs-6\" data-type=\"column\">\n<h5 class=\"\">Potere Amaricante (Picrocrocina) \u2013 Valore minimo<\/h5>\n<p class=\"\">\u00a070 \u2013 55 \u2013 40<\/p>\n<\/div>\n<div class=\"col-xs-6\" data-type=\"column\">\n<h5 class=\"\">Potere Aromatico (Safranale)<\/h5>\n<p class=\"\">Min 20 \u2013 Max 50<\/p>\n<\/div>\n<\/div>\n<\/div>\n<div class=\"col-sm-5 bg-image shadow-large-black revert-classes-holder\" style=\"background-image: url('https:\/\/zafferanosolregina.com\/wp-content\/uploads\/2019\/10\/cropped-Bonazzi-Bulbishop-RDP-14313R0A2018_page-0001-3.jpg');\" data-bg=\"image\"><\/div>\n<\/div>\n<\/div>\n<\/div>\n<div id=\"portfolio-3\" class=\"portfolio-4 content-section content-section-spacing-top\" style=\"background-color: #f5fafd;\" data-label=\"Portfolio\" data-id=\"portfolio-4\" data-export-id=\"portfolio-4\" data-category=\"portfolio\">\n<div class=\"\">\n<div class=\"row text-center\">\n<div class=\"section-title-col\" data-type=\"column\">\n<h2 class=\"\">GALLERIA<\/h2>\n<p class=\"lead\">\n<\/div>\n<\/div>\n<div class=\"row\" data-type=\"row\" data-fixed=\"true\">\n<div class=\"col-xs-12 col-sm-3 no-gutter-col\">\n<div class=\"contentswap-effect\" data-hover-fx=\"portfolio-4\">\n<div class=\"initial-image\"><img src=\"https:\/\/zafferanosolregina.com\/wp-content\/uploads\/2018\/11\/cropped-false-saffron-3046284_1920.jpg\" data-size=\"542x360\" \/><\/div>\n<div class=\"overlay bg-color1\"><\/div>\n<div class=\"swap-inner col-xs-12\">\n<div class=\"row full-height-row middle-xs middle-sm\">\n<div class=\"col-xs-12 text-center content-holder\"><\/div>\n<\/div>\n<\/div>\n<\/div>\n<\/div>\n<div class=\"col-xs-12 col-sm-3 no-gutter-col\">\n<div class=\"contentswap-effect\" data-hover-fx=\"portfolio-4\">\n<div class=\"initial-image\"><img src=\"https:\/\/zafferanosolregina.com\/wp-content\/uploads\/2018\/11\/cropped-SELEZIONE-ORO-ZAFFERANO-SORESINA-3.jpg\" data-size=\"542x360\" \/><\/div>\n<div class=\"overlay bg-color1\"><\/div>\n<div class=\"swap-inner col-xs-12\">\n<div class=\"row full-height-row middle-xs middle-sm\">\n<div class=\"col-xs-12 text-center content-holder\"><\/div>\n<\/div>\n<\/div>\n<\/div>\n<\/div>\n<div class=\"col-xs-12 col-sm-3 no-gutter-col\">\n<div class=\"contentswap-effect\" data-hover-fx=\"portfolio-4\">\n<div class=\"initial-image\"><img src=\"https:\/\/zafferanosolregina.com\/wp-content\/uploads\/2018\/11\/cropped-PP18-DIPLOMA-IN-PROFESSIONAL-CHEF-1.jpg\" data-size=\"542x360\" \/><\/div>\n<div class=\"overlay bg-color1\"><\/div>\n<div class=\"swap-inner col-xs-12\">\n<div class=\"row full-height-row middle-xs middle-sm\">\n<div class=\"col-xs-12 text-center content-holder\"><\/div>\n<\/div>\n<\/div>\n<\/div>\n<\/div>\n<div class=\"col-xs-12 col-sm-3 no-gutter-col\">\n<div class=\"contentswap-effect\" data-hover-fx=\"portfolio-4\">\n<div class=\"initial-image\"><img src=\"https:\/\/zafferanosolregina.com\/wp-content\/uploads\/2018\/11\/cropped-crocus-279574_1920-1.jpg\" data-size=\"542x360\" \/><\/div>\n<div class=\"overlay bg-color1\"><\/div>\n<div class=\"swap-inner col-xs-12\">\n<div class=\"row full-height-row middle-xs middle-sm\">\n<div class=\"col-xs-12 text-center content-holder\"><\/div>\n<\/div>\n<\/div>\n<\/div>\n<\/div>\n<div class=\"col-xs-12 col-sm-3 no-gutter-col\">\n<div class=\"contentswap-effect\" data-hover-fx=\"portfolio-4\">\n<div class=\"initial-image\"><img src=\"https:\/\/zafferanosolregina.com\/wp-content\/uploads\/2018\/11\/cropped-saffron-3291935_1920-1.jpg\" data-size=\"542x360\" \/><\/div>\n<div class=\"overlay bg-color1\"><\/div>\n<div class=\"swap-inner col-xs-12\">\n<div class=\"row full-height-row middle-xs middle-sm\">\n<div class=\"col-xs-12 text-center content-holder\"><\/div>\n<\/div>\n<\/div>\n<\/div>\n<\/div>\n<div class=\"col-xs-12 col-sm-3 no-gutter-col\">\n<div class=\"contentswap-effect\" data-hover-fx=\"portfolio-4\">\n<div class=\"initial-image\"><img src=\"https:\/\/zafferanosolregina.com\/wp-content\/uploads\/2018\/11\/cropped-RISERVA-SPECIALE-ZAFFERANO-SORESINA.jpg\" data-size=\"542x360\" \/><\/div>\n<div class=\"overlay bg-color1\"><\/div>\n<div class=\"swap-inner col-xs-12\">\n<div class=\"row full-height-row middle-xs middle-sm\">\n<div class=\"col-xs-12 text-center content-holder\"><\/div>\n<\/div>\n<\/div>\n<\/div>\n<\/div>\n<div class=\"col-xs-12 col-sm-3 no-gutter-col\">\n<div class=\"contentswap-effect\" data-hover-fx=\"portfolio-4\">\n<div class=\"initial-image\"><img src=\"https:\/\/zafferanosolregina.com\/wp-content\/uploads\/2019\/10\/cropped-PISTILLI-ZAFFERANO-SORESINA.jpg\" data-size=\"542x360\" \/><\/div>\n<div class=\"overlay bg-color1\"><\/div>\n<div class=\"swap-inner col-xs-12\">\n<div class=\"row full-height-row middle-xs middle-sm\">\n<div class=\"col-xs-12 text-center content-holder\"><\/div>\n<\/div>\n<\/div>\n<\/div>\n<\/div>\n<div class=\"col-xs-12 col-sm-3 no-gutter-col\">\n<div class=\"contentswap-effect\" data-hover-fx=\"portfolio-4\">\n<div class=\"initial-image\"><img src=\"https:\/\/zafferanosolregina.com\/wp-content\/uploads\/2019\/10\/cropped-krokus-3308053_1920.jpg\" data-size=\"542x360\" \/><\/div>\n<div class=\"overlay bg-color1\"><\/div>\n<div class=\"swap-inner col-xs-12\">\n<div class=\"row full-height-row middle-xs middle-sm\">\n<div class=\"col-xs-12 text-center content-holder\"><\/div>\n<\/div>\n<\/div>\n<\/div>\n<\/div>\n<\/div>\n<\/div>\n<\/div>\n<div id=\"content-1\" class=\"content-8 content-section content-section-spacing\" style=\"background-color: #ffffff;\" data-label=\"Content\" data-id=\"content--1\" data-export-id=\"content-8\" data-category=\"content\">\n<div class=\"gridContainer\">\n<div class=\"row middle-sm\">\n<div class=\"col-sm-6 space-bottom-xs space-top-xs\" data-type=\"column\"><img class=\"shadow-large\" title=\"crocus-recortado-3209276_1920.jpg\" src=\"https:\/\/zafferanosolregina.com\/wp-content\/uploads\/2019\/10\/cropped-crocus-3209276_1920.jpg\" alt=\"\" \/><\/div>\n<div class=\"col-sm-6\" data-type=\"column\">\n<h2 class=\"\">Azienda Agricola<\/h2>\n<h2 class=\"\">Bonazzi Giancarlo<\/h2>\n<h3 class=\"\">Produzione e vendita di Zafferano<\/h3>\n<p>Via Montenero, 94<\/p>\n<p>26015 Soresina CR Italia<\/p>\n<p>P.IVA 01231750199<\/p>\n<\/div>\n<\/div>\n<\/div>\n<\/div>\n<div id=\"content-2\" class=\"content-7 content-section content-section-spacing\" style=\"background-color: #f5fafd;\" data-label=\"Content\" data-id=\"content--2\" data-export-id=\"content-7\" data-category=\"content\">\n<div class=\"gridContainer\">\n<div class=\"row middle-sm\">\n<div class=\"col-sm-6 space-bottom-xs\" data-type=\"column\">\n<h1 class=\"\">CONTATTI<\/h1>\n<h2 class=\"\">Referente Commerciale:<\/h2>\n<p>Andrea Ferrari<\/p>\n<p>+39 334 351 3444<\/p>\n<p>e-mail: info@fandre.it<\/p>\n<h3 class=\"\">Bonazzi Giancarlo\u00a0 \u00a0 \u00a0 \u00a0 \u00a0 \u00a0 \u00a0 \u00a03356754857<br \/>\nSony\u00a0 \u00a0 \u00a0 \u00a0 \u00a0 \u00a0 \u00a0 \u00a0 \u00a0 \u00a0 \u00a0 \u00a0 \u00a0 \u00a0 \u00a0 \u00a0 \u00a0 \u00a0 \u00a0 3665843390<\/h3>\n<\/div>\n<div class=\"col-sm-6\" data-type=\"column\"><img class=\"shadow-large\" title=\"falso-azafr\u00e1n-recortado-3046278_1920.jpg\" src=\"https:\/\/zafferanosolregina.com\/wp-content\/uploads\/2019\/10\/cropped-false-saffron-3046278_1920.jpg\" alt=\"\" \/><\/div>\n<\/div>\n<\/div>\n<\/div>\n","protected":false},"excerpt":{"rendered":"<p>La sfida vinta Zafferano Soresina Bonazzi agricoltore &#8220;speciale&#8221; L&#8217;imprenditore de La Libera ha optato per i pistilli pregiatissimi: coltivazione, lavorazione e vendita, ha iniziato nel 2015 con un ettaro, ora ha raddoppiato la superficie. SORESINA Un&#8217;oasi dello zafferano nel regno del mais, pochi ne conoscono l&#8217;esistenza, ma tra Soresina e Cappella Cantone si trova una delle principali produzioni europee della specie pi\u00f9 costosa al mondo. Ventimila metri quadrati di terreno di cui, nella vendemmia 2019, si prevede di ottenere otto chilogrammi di prodotto finito. Una quantit\u00e0 enorme se teniamo conto che per ottenere un chilo di zafferano \u00e8 necessario raccogliere manualmente pi\u00f9 di centomila fiori. \u2019omonima azienda agricola, iscritto alla Libera Associazione Cremonese, e curato a livello commerciale da Andrea Ferrari, \u00e8 nato con un mini raccolto di prova tra il 2015 e il 2016. Nei mesi successivi l\u2019attivit\u00e0 si \u00e8 vista intensificata e la scorsa estate si \u00e8 deciso&hellip;<\/p>\n<p> <a class=\"more-link\" href=\"https:\/\/zafferanosolregina.com\/\">Leggi tutto<\/a><\/p>\n","protected":false},"author":1,"featured_media":34,"parent":0,"menu_order":0,"comment_status":"closed","ping_status":"closed","template":"","meta":{"editor_plus_post_options":"{}","editor_plus_copied_stylings":"{}"},"_links":{"self":[{"href":"https:\/\/zafferanosolregina.com\/index.php?rest_route=\/wp\/v2\/pages\/24"}],"collection":[{"href":"https:\/\/zafferanosolregina.com\/index.php?rest_route=\/wp\/v2\/pages"}],"about":[{"href":"https:\/\/zafferanosolregina.com\/index.php?rest_route=\/wp\/v2\/types\/page"}],"author":[{"embeddable":true,"href":"https:\/\/zafferanosolregina.com\/index.php?rest_route=\/wp\/v2\/users\/1"}],"replies":[{"embeddable":true,"href":"https:\/\/zafferanosolregina.com\/index.php?rest_route=%2Fwp%2Fv2%2Fcomments&post=24"}],"version-history":[{"count":59,"href":"https:\/\/zafferanosolregina.com\/index.php?rest_route=\/wp\/v2\/pages\/24\/revisions"}],"predecessor-version":[{"id":316,"href":"https:\/\/zafferanosolregina.com\/index.php?rest_route=\/wp\/v2\/pages\/24\/revisions\/316"}],"wp:featuredmedia":[{"embeddable":true,"href":"https:\/\/zafferanosolregina.com\/index.php?rest_route=\/wp\/v2\/media\/34"}],"wp:attachment":[{"href":"https:\/\/zafferanosolregina.com\/index.php?rest_route=%2Fwp%2Fv2%2Fmedia&parent=24"}],"curies":[{"name":"wp","href":"https:\/\/api.w.org\/{rel}","templated":true}]}}